{"id":1592,"date":"2025-08-08T12:20:39","date_gmt":"2025-08-08T10:20:39","guid":{"rendered":"https:\/\/alexandra.netfellows.de\/home\/"},"modified":"2025-08-14T13:59:48","modified_gmt":"2025-08-14T11:59:48","slug":"home","status":"publish","type":"page","link":"https:\/\/alexandra.netfellows.de\/en\/","title":{"rendered":"Home"},"content":{"rendered":"\t\t<div data-elementor-type=\"wp-page\" data-elementor-id=\"1592\" class=\"elementor elementor-1592 elementor-1155\" data-elementor-post-type=\"page\">\n\t\t\t\t<div class=\"elementor-element elementor-element-49f8bd39 e-con-full e-flex e-con e-parent\" data-id=\"49f8bd39\" data-element_type=\"container\" data-settings=\"{&quot;jet_parallax_layout_list&quot;:[]}\">\n\t\t<div class=\"elementor-element elementor-element-35a4f6fb e-con-full e-flex e-con e-child\" data-id=\"35a4f6fb\" data-element_type=\"container\" data-settings=\"{&quot;background_background&quot;:&quot;classic&quot;,&quot;jet_parallax_layout_list&quot;:[]}\">\n\t\t\t\t<\/div>\n\t\t<div class=\"elementor-element elementor-element-39f1fa01 e-con-full e-flex e-con e-child\" data-id=\"39f1fa01\" data-element_type=\"container\" data-settings=\"{&quot;background_background&quot;:&quot;classic&quot;,&quot;jet_parallax_layout_list&quot;:[]}\">\n\t\t\t\t<div class=\"elementor-element elementor-element-4fe2629f elementor-cta--skin-classic elementor-animated-content elementor-bg-transform elementor-bg-transform-zoom-in elementor-widget elementor-widget-call-to-action\" data-id=\"4fe2629f\" data-element_type=\"widget\" data-widget_type=\"call-to-action.default\">\n\t\t\t\t<div class=\"elementor-widget-container\">\n\t\t\t\t\t\t\t<div class=\"elementor-cta\">\n\t\t\t\t\t\t\t<div class=\"elementor-cta__content\">\n\t\t\t\t\n\t\t\t\t\t\t\t\t\t<h1 class=\"elementor-cta__title elementor-cta__content-item elementor-content-item\">\n\t\t\t\t\t\tHandcrafted Wooden Accessories\t\t\t\t\t<\/h1>\n\t\t\t\t\n\t\t\t\t\t\t\t\t\t<div class=\"elementor-cta__description elementor-cta__content-item elementor-content-item\">\n\t\t\t\t\t\tTimeless Pieces for Everyday Rituals\t\t\t\t\t<\/div>\n\t\t\t\t\n\t\t\t\t\t\t\t\t\t<div class=\"elementor-cta__button-wrapper elementor-cta__content-item elementor-content-item \">\n\t\t\t\t\t<a class=\"elementor-cta__button elementor-button elementor-size-\" href=\"https:\/\/alexandra.netfellows.de\/en\/?p=12\">\n\t\t\t\t\t\tShop Now \u27f6\t\t\t\t\t<\/a>\n\t\t\t\t\t<\/div>\n\t\t\t\t\t\t\t<\/div>\n\t\t\t\t\t\t<\/div>\n\t\t\t\t\t\t<\/div>\n\t\t\t\t<\/div>\n\t\t\t\t<\/div>\n\t\t\t\t<\/div>\n\t\t<div class=\"elementor-element elementor-element-4d1645d0 e-flex e-con-boxed e-con e-parent\" data-id=\"4d1645d0\" data-element_type=\"container\" data-settings=\"{&quot;background_background&quot;:&quot;classic&quot;,&quot;background_motion_fx_motion_fx_scrolling&quot;:&quot;yes&quot;,&quot;background_motion_fx_scale_effect&quot;:&quot;yes&quot;,&quot;jet_parallax_layout_list&quot;:[],&quot;background_motion_fx_scale_direction&quot;:&quot;out-in&quot;,&quot;background_motion_fx_scale_speed&quot;:{&quot;unit&quot;:&quot;px&quot;,&quot;size&quot;:4,&quot;sizes&quot;:[]},&quot;background_motion_fx_scale_range&quot;:{&quot;unit&quot;:&quot;%&quot;,&quot;size&quot;:&quot;&quot;,&quot;sizes&quot;:{&quot;start&quot;:20,&quot;end&quot;:80}},&quot;background_motion_fx_devices&quot;:[&quot;desktop&quot;,&quot;tablet&quot;,&quot;mobile&quot;]}\">\n\t\t\t\t\t<div class=\"e-con-inner\">\n\t\t\t\t<div class=\"elementor-element elementor-element-773a6d9c elementor-widget elementor-widget-heading\" data-id=\"773a6d9c\" data-element_type=\"widget\" data-widget_type=\"heading.default\">\n\t\t\t\t<div class=\"elementor-widget-container\">\n\t\t\t\t\t<h2 class=\"elementor-heading-title elementor-size-default\">Home goods<\/h2>\t\t\t\t<\/div>\n\t\t\t\t<\/div>\n\t\t\t\t<div class=\"elementor-element elementor-element-1a580c5f elementor-widget elementor-widget-text-editor\" data-id=\"1a580c5f\" data-element_type=\"widget\" data-widget_type=\"text-editor.default\">\n\t\t\t\t<div class=\"elementor-widget-container\">\n\t\t\t\t\t\t\t\t\t<p>Lorem ipsum dolor sit amet, consectet adipiscing elit.<\/p>\t\t\t\t\t\t\t\t<\/div>\n\t\t\t\t<\/div>\n\t\t\t\t<div class=\"elementor-element elementor-element-7a3b107c elementor-align-center elementor-widget elementor-widget-button\" data-id=\"7a3b107c\" data-element_type=\"widget\" data-widget_type=\"button.default\">\n\t\t\t\t<div class=\"elementor-widget-container\">\n\t\t\t\t\t\t\t\t\t<div class=\"elementor-button-wrapper\">\n\t\t\t\t\t<a class=\"elementor-button elementor-button-link elementor-size-sm\" href=\"https:\/\/alexandra.netfellows.de\/en\/shop\/\">\n\t\t\t\t\t\t<span class=\"elementor-button-content-wrapper\">\n\t\t\t\t\t\t<span class=\"elementor-button-icon\">\n\t\t\t\t<svg xmlns=\"http:\/\/www.w3.org\/2000\/svg\" id=\"bb19cefa-da70-4c4e-8494-ad25bbd47839\" data-name=\"Layer 1\" width=\"32.9204\" height=\"17.832\" viewBox=\"0 0 32.9204 17.832\"><polygon points=\"31.858 8.055 31.858 8.016 31.817 8.016 23.417 0 22.036 1.447 28.931 8.026 0 8.026 0.007 10.026 28.928 10.026 22.048 16.361 23.404 17.832 32.92 9.069 31.858 8.055\"><\/polygon><\/svg>\t\t\t<\/span>\n\t\t\t\t\t\t\t\t\t<span class=\"elementor-button-text\">To the shop<\/span>\n\t\t\t\t\t<\/span>\n\t\t\t\t\t<\/a>\n\t\t\t\t<\/div>\n\t\t\t\t\t\t\t\t<\/div>\n\t\t\t\t<\/div>\n\t\t\t\t\t<\/div>\n\t\t\t\t<\/div>\n\t\t<div class=\"elementor-element elementor-element-51305b21 e-flex e-con-boxed e-con e-parent\" data-id=\"51305b21\" data-element_type=\"container\" data-settings=\"{&quot;background_background&quot;:&quot;classic&quot;,&quot;jet_parallax_layout_list&quot;:[]}\">\n\t\t\t\t\t<div class=\"e-con-inner\">\n\t\t\t\t<div class=\"elementor-element elementor-element-79179fd3 elementor-widget elementor-widget-heading\" data-id=\"79179fd3\" data-element_type=\"widget\" data-widget_type=\"heading.default\">\n\t\t\t\t<div class=\"elementor-widget-container\">\n\t\t\t\t\t<h2 class=\"elementor-heading-title elementor-size-default\">Dishes<\/h2>\t\t\t\t<\/div>\n\t\t\t\t<\/div>\n\t\t\t\t<div class=\"elementor-element elementor-element-4281e982 elementor-widget elementor-widget-text-editor\" data-id=\"4281e982\" data-element_type=\"widget\" data-widget_type=\"text-editor.default\">\n\t\t\t\t<div class=\"elementor-widget-container\">\n\t\t\t\t\t\t\t\t\t<p>Lorem ipsum dolor sit amet, consectet adipiscing elit.<\/p>\t\t\t\t\t\t\t\t<\/div>\n\t\t\t\t<\/div>\n\t\t\t\t<div class=\"elementor-element elementor-element-107955c3 elementor-align-center elementor-widget elementor-widget-button\" data-id=\"107955c3\" data-element_type=\"widget\" data-widget_type=\"button.default\">\n\t\t\t\t<div class=\"elementor-widget-container\">\n\t\t\t\t\t\t\t\t\t<div class=\"elementor-button-wrapper\">\n\t\t\t\t\t<a class=\"elementor-button elementor-button-link elementor-size-sm\" href=\"https:\/\/alexandra.netfellows.de\/en\/shop\/\">\n\t\t\t\t\t\t<span class=\"elementor-button-content-wrapper\">\n\t\t\t\t\t\t<span class=\"elementor-button-icon\">\n\t\t\t\t<svg xmlns=\"http:\/\/www.w3.org\/2000\/svg\" id=\"bb19cefa-da70-4c4e-8494-ad25bbd47839\" data-name=\"Layer 1\" width=\"32.9204\" height=\"17.832\" viewBox=\"0 0 32.9204 17.832\"><polygon points=\"31.858 8.055 31.858 8.016 31.817 8.016 23.417 0 22.036 1.447 28.931 8.026 0 8.026 0.007 10.026 28.928 10.026 22.048 16.361 23.404 17.832 32.92 9.069 31.858 8.055\"><\/polygon><\/svg>\t\t\t<\/span>\n\t\t\t\t\t\t\t\t\t<span class=\"elementor-button-text\">To the shop<\/span>\n\t\t\t\t\t<\/span>\n\t\t\t\t\t<\/a>\n\t\t\t\t<\/div>\n\t\t\t\t\t\t\t\t<\/div>\n\t\t\t\t<\/div>\n\t\t\t\t\t<\/div>\n\t\t\t\t<\/div>\n\t\t<div class=\"elementor-element elementor-element-3acf57f7 e-flex e-con-boxed e-con e-parent\" data-id=\"3acf57f7\" data-element_type=\"container\" data-settings=\"{&quot;jet_parallax_layout_list&quot;:[]}\">\n\t\t\t\t\t<div class=\"e-con-inner\">\n\t\t\t\t<div class=\"elementor-element elementor-element-b66c6f elementor-widget elementor-widget-heading\" data-id=\"b66c6f\" data-element_type=\"widget\" data-widget_type=\"heading.default\">\n\t\t\t\t<div class=\"elementor-widget-container\">\n\t\t\t\t\t<h2 class=\"elementor-heading-title elementor-size-default\">Our Products<\/h2>\t\t\t\t<\/div>\n\t\t\t\t<\/div>\n\t\t\t\t<div class=\"elementor-element elementor-element-7c6a7a2 elementor-align-center elementor-widget elementor-widget-button\" data-id=\"7c6a7a2\" data-element_type=\"widget\" data-widget_type=\"button.default\">\n\t\t\t\t<div class=\"elementor-widget-container\">\n\t\t\t\t\t\t\t\t\t<div class=\"elementor-button-wrapper\">\n\t\t\t\t\t<a class=\"elementor-button elementor-button-link elementor-size-sm\" href=\"https:\/\/alexandra.netfellows.de\/en\/shop\/\">\n\t\t\t\t\t\t<span class=\"elementor-button-content-wrapper\">\n\t\t\t\t\t\t<span class=\"elementor-button-icon\">\n\t\t\t\t<svg xmlns=\"http:\/\/www.w3.org\/2000\/svg\" id=\"bb19cefa-da70-4c4e-8494-ad25bbd47839\" data-name=\"Layer 1\" width=\"32.9204\" height=\"17.832\" viewBox=\"0 0 32.9204 17.832\"><polygon points=\"31.858 8.055 31.858 8.016 31.817 8.016 23.417 0 22.036 1.447 28.931 8.026 0 8.026 0.007 10.026 28.928 10.026 22.048 16.361 23.404 17.832 32.92 9.069 31.858 8.055\"><\/polygon><\/svg>\t\t\t<\/span>\n\t\t\t\t\t\t\t\t\t<span class=\"elementor-button-text\">To the shop<\/span>\n\t\t\t\t\t<\/span>\n\t\t\t\t\t<\/a>\n\t\t\t\t<\/div>\n\t\t\t\t\t\t\t\t<\/div>\n\t\t\t\t<\/div>\n\t\t\t\t\t<\/div>\n\t\t\t\t<\/div>\n\t\t<div class=\"elementor-element elementor-element-0aef166 e-flex e-con-boxed e-con e-parent\" data-id=\"0aef166\" data-element_type=\"container\" data-settings=\"{&quot;jet_parallax_layout_list&quot;:[]}\">\n\t\t\t\t\t<div class=\"e-con-inner\">\n\t\t\t\t<div class=\"elementor-element elementor-element-06d44b3 elementor-widget elementor-widget-heading\" data-id=\"06d44b3\" data-element_type=\"widget\" data-widget_type=\"heading.default\">\n\t\t\t\t<div class=\"elementor-widget-container\">\n\t\t\t\t\t<h2 class=\"elementor-heading-title elementor-size-default\">Latest news<\/h2>\t\t\t\t<\/div>\n\t\t\t\t<\/div>\n\t\t\t\t<div class=\"elementor-element elementor-element-28886db elementor-grid-3 elementor-grid-tablet-2 elementor-grid-mobile-1 elementor-posts--thumbnail-top elementor-posts--show-avatar elementor-card-shadow-yes elementor-posts__hover-gradient elementor-widget elementor-widget-posts\" data-id=\"28886db\" data-element_type=\"widget\" data-settings=\"{&quot;cards_columns&quot;:&quot;3&quot;,&quot;cards_columns_tablet&quot;:&quot;2&quot;,&quot;cards_columns_mobile&quot;:&quot;1&quot;,&quot;cards_row_gap&quot;:{&quot;unit&quot;:&quot;px&quot;,&quot;size&quot;:35,&quot;sizes&quot;:[]},&quot;cards_row_gap_tablet&quot;:{&quot;unit&quot;:&quot;px&quot;,&quot;size&quot;:&quot;&quot;,&quot;sizes&quot;:[]},&quot;cards_row_gap_mobile&quot;:{&quot;unit&quot;:&quot;px&quot;,&quot;size&quot;:&quot;&quot;,&quot;sizes&quot;:[]}}\" data-widget_type=\"posts.cards\">\n\t\t\t\t<div class=\"elementor-widget-container\">\n\t\t\t\t\t\t\t<div class=\"elementor-posts-container elementor-posts elementor-posts--skin-cards elementor-grid\" role=\"list\">\n\t\t\t\t<article class=\"elementor-post elementor-grid-item post-1594 post type-post status-publish format-standard has-post-thumbnail hentry category-uncategorized\" role=\"listitem\">\n\t\t\t<div class=\"elementor-post__card\">\n\t\t\t\t<a class=\"elementor-post__thumbnail__link\" href=\"https:\/\/alexandra.netfellows.de\/en\/aktuelles\/by-hand-from-the-heart-why-genuine-craftsmanship-makes-all-the-difference\/\" tabindex=\"-1\" ><div class=\"elementor-post__thumbnail\"><img fetchpriority=\"high\" decoding=\"async\" width=\"784\" height=\"784\" src=\"https:\/\/alexandra.netfellows.de\/wp-content\/uploads\/2022\/09\/173_Wooden_Accessories_Store-Product_18-Featured.jpg\" class=\"attachment-full size-full wp-image-1585\" alt=\"Drei handgefertigte Holzschalen in unterschiedlichen Gr\u00f6\u00dfen auf einer hellen Holzoberfl\u00e4che.\" srcset=\"https:\/\/alexandra.netfellows.de\/wp-content\/uploads\/2022\/09\/173_Wooden_Accessories_Store-Product_18-Featured.jpg 784w, https:\/\/alexandra.netfellows.de\/wp-content\/uploads\/2022\/09\/173_Wooden_Accessories_Store-Product_18-Featured-300x300.jpg 300w, https:\/\/alexandra.netfellows.de\/wp-content\/uploads\/2022\/09\/173_Wooden_Accessories_Store-Product_18-Featured-100x100.jpg 100w, https:\/\/alexandra.netfellows.de\/wp-content\/uploads\/2022\/09\/173_Wooden_Accessories_Store-Product_18-Featured-600x600.jpg 600w, https:\/\/alexandra.netfellows.de\/wp-content\/uploads\/2022\/09\/173_Wooden_Accessories_Store-Product_18-Featured-150x150.jpg 150w, https:\/\/alexandra.netfellows.de\/wp-content\/uploads\/2022\/09\/173_Wooden_Accessories_Store-Product_18-Featured-768x768.jpg 768w\" sizes=\"(max-width: 784px) 100vw, 784px\" \/><\/div><\/a>\n\t\t\t\t<div class=\"elementor-post__badge\">Uncategorized<\/div>\n\t\t\t\t<div class=\"elementor-post__avatar\">\n\t\t\t\t\t<\/div>\n\t\t\t\t<div class=\"elementor-post__text\">\n\t\t\t\t<h3 class=\"elementor-post__title\">\n\t\t\t<a href=\"https:\/\/alexandra.netfellows.de\/en\/aktuelles\/by-hand-from-the-heart-why-genuine-craftsmanship-makes-all-the-difference\/\" >\n\t\t\t\tBy hand. From the heart. Why genuine craftsmanship makes all the difference.\t\t\t<\/a>\n\t\t<\/h3>\n\t\t\t\t<div class=\"elementor-post__excerpt\">\n\t\t\t<p>In a world of mass production and fast-paced lifestyles, HOMEWOOD stands for something different: genuine, tangible craftsmanship. For products that are created with patience, skill,<\/p>\n\t\t<\/div>\n\t\t\n\t\t<a class=\"elementor-post__read-more\" href=\"https:\/\/alexandra.netfellows.de\/en\/aktuelles\/by-hand-from-the-heart-why-genuine-craftsmanship-makes-all-the-difference\/\" aria-label=\"Read more about By hand. From the heart. Why genuine craftsmanship makes all the difference.\" tabindex=\"-1\" >\n\t\t\tRead More \u00bb\t\t<\/a>\n\n\t\t\t\t<\/div>\n\t\t\t\t<div class=\"elementor-post__meta-data\">\n\t\t\t\t\t<span class=\"elementor-post-date\">\n\t\t\t28. September 2025\t\t<\/span>\n\t\t\t\t<\/div>\n\t\t\t\t\t<\/div>\n\t\t<\/article>\n\t\t\t\t<\/div>\n\t\t\n\t\t\t\t\t\t<\/div>\n\t\t\t\t<\/div>\n\t\t\t\t\t<\/div>\n\t\t\t\t<\/div>\n\t\t<div class=\"elementor-element elementor-element-1b226200 e-con-full e-flex e-con e-parent\" data-id=\"1b226200\" data-element_type=\"container\" data-settings=\"{&quot;background_background&quot;:&quot;classic&quot;,&quot;background_motion_fx_motion_fx_scrolling&quot;:&quot;yes&quot;,&quot;background_motion_fx_scale_effect&quot;:&quot;yes&quot;,&quot;background_motion_fx_scale_direction&quot;:&quot;in-out&quot;,&quot;jet_parallax_layout_list&quot;:[],&quot;background_motion_fx_scale_speed&quot;:{&quot;unit&quot;:&quot;px&quot;,&quot;size&quot;:4,&quot;sizes&quot;:[]},&quot;background_motion_fx_scale_range&quot;:{&quot;unit&quot;:&quot;%&quot;,&quot;size&quot;:&quot;&quot;,&quot;sizes&quot;:{&quot;start&quot;:20,&quot;end&quot;:80}},&quot;background_motion_fx_devices&quot;:[&quot;desktop&quot;,&quot;tablet&quot;,&quot;mobile&quot;]}\">\n\t\t<div class=\"elementor-element elementor-element-56a3deab e-flex e-con-boxed e-con e-child\" data-id=\"56a3deab\" data-element_type=\"container\" data-settings=\"{&quot;background_background&quot;:&quot;classic&quot;,&quot;jet_parallax_layout_list&quot;:[]}\">\n\t\t\t\t\t<div class=\"e-con-inner\">\n\t\t\t\t<div class=\"elementor-element elementor-element-353fd238 elementor-widget elementor-widget-heading\" data-id=\"353fd238\" data-element_type=\"widget\" data-widget_type=\"heading.default\">\n\t\t\t\t<div class=\"elementor-widget-container\">\n\t\t\t\t\t<h2 class=\"elementor-heading-title elementor-size-default\">Modern Handcrafted Wooden Objects<\/h2>\t\t\t\t<\/div>\n\t\t\t\t<\/div>\n\t\t\t\t<div class=\"elementor-element elementor-element-12480e46 elementor-widget elementor-widget-text-editor\" data-id=\"12480e46\" data-element_type=\"widget\" data-widget_type=\"text-editor.default\">\n\t\t\t\t<div class=\"elementor-widget-container\">\n\t\t\t\t\t\t\t\t\t<p>Lorem ipsum dolor sit amet, consectet adipiscing elit,sed do eiusm por incididut labore et dolore magna aliqua. Ut enim ad minim veniam. <\/p>\t\t\t\t\t\t\t\t<\/div>\n\t\t\t\t<\/div>\n\t\t\t\t<div class=\"elementor-element elementor-element-79f21787 elementor-widget elementor-widget-button\" data-id=\"79f21787\" data-element_type=\"widget\" data-widget_type=\"button.default\">\n\t\t\t\t<div class=\"elementor-widget-container\">\n\t\t\t\t\t\t\t\t\t<div class=\"elementor-button-wrapper\">\n\t\t\t\t\t<a class=\"elementor-button elementor-button-link elementor-size-sm\" href=\"https:\/\/alexandra.netfellows.de\/en\/shop\/\">\n\t\t\t\t\t\t<span class=\"elementor-button-content-wrapper\">\n\t\t\t\t\t\t<span class=\"elementor-button-icon\">\n\t\t\t\t<svg xmlns=\"http:\/\/www.w3.org\/2000\/svg\" id=\"bb19cefa-da70-4c4e-8494-ad25bbd47839\" data-name=\"Layer 1\" width=\"32.9204\" height=\"17.832\" viewBox=\"0 0 32.9204 17.832\"><polygon points=\"31.858 8.055 31.858 8.016 31.817 8.016 23.417 0 22.036 1.447 28.931 8.026 0 8.026 0.007 10.026 28.928 10.026 22.048 16.361 23.404 17.832 32.92 9.069 31.858 8.055\"><\/polygon><\/svg>\t\t\t<\/span>\n\t\t\t\t\t\t\t\t\t<span class=\"elementor-button-text\">To the shop<\/span>\n\t\t\t\t\t<\/span>\n\t\t\t\t\t<\/a>\n\t\t\t\t<\/div>\n\t\t\t\t\t\t\t\t<\/div>\n\t\t\t\t<\/div>\n\t\t\t\t\t<\/div>\n\t\t\t\t<\/div>\n\t\t\t\t<\/div>\n\t\t\t\t<\/div>\n\t\t","protected":false},"excerpt":{"rendered":"<p>Handcrafted Wooden Accessories Timeless Pieces for Everyday Rituals Shop Now \u27f6 Home goods Lorem ipsum dolor sit amet, consectet adipiscing elit. To the shop Dishes Lorem ipsum dolor sit amet, consectet adipiscing elit. To the shop Our Products To the shop Latest news Modern Handcrafted Wooden Objects Lorem ipsum dolor sit amet, consectet adipiscing elit,sed [&hellip;]<\/p>\n","protected":false},"author":1,"featured_media":1567,"parent":0,"menu_order":0,"comment_status":"closed","ping_status":"closed","template":"elementor_header_footer","meta":{"_acf_changed":false,"_jet_sm_ready_style":"","_jet_sm_style":"","_jet_sm_controls_values":"","_jet_sm_fonts_collection":"","_jet_sm_fonts_links":"","footnotes":""},"class_list":["post-1592","page","type-page","status-publish","has-post-thumbnail","hentry"],"acf":[],"yoast_head":"<!-- This site is optimized with the Yoast SEO plugin v25.7 - https:\/\/yoast.com\/wordpress\/plugins\/seo\/ -->\n<title>Handmade Wooden Accessories | HOMEWOOD<\/title>\n<meta name=\"description\" content=\"Discover timeless, handcrafted wooden accessories for your home \u2013 browse the HOMEWOOD online shop now.\" \/>\n<meta name=\"robots\" content=\"noindex, follow, max-snippet:-1, max-image-preview:large, max-video-preview:-1\" \/>\n<meta property=\"og:locale\" content=\"en_US\" \/>\n<meta property=\"og:type\" content=\"article\" \/>\n<meta property=\"og:title\" content=\"Handmade Wooden Accessories | HOMEWOOD\" \/>\n<meta property=\"og:description\" content=\"Discover timeless, handcrafted wooden accessories for your home \u2013 browse the HOMEWOOD online shop now.\" \/>\n<meta property=\"og:url\" content=\"https:\/\/alexandra.netfellows.de\/en\/\" \/>\n<meta property=\"og:site_name\" content=\"Alexandras Webseite\" \/>\n<meta property=\"article:modified_time\" content=\"2025-08-14T11:59:48+00:00\" \/>\n<meta property=\"og:image\" content=\"https:\/\/alexandra.netfellows.de\/wp-content\/uploads\/2025\/08\/Wooden-Accessories-Store-Home.jpg\" \/>\n\t<meta property=\"og:image:width\" content=\"400\" \/>\n\t<meta property=\"og:image:height\" content=\"380\" \/>\n\t<meta property=\"og:image:type\" content=\"image\/jpeg\" \/>\n<meta name=\"twitter:card\" content=\"summary_large_image\" \/>\n<script type=\"application\/ld+json\" class=\"yoast-schema-graph\">{\"@context\":\"https:\/\/schema.org\",\"@graph\":[{\"@type\":\"WebPage\",\"@id\":\"https:\/\/alexandra.netfellows.de\/en\/\",\"url\":\"https:\/\/alexandra.netfellows.de\/en\/\",\"name\":\"Handmade Wooden Accessories | HOMEWOOD\",\"isPartOf\":{\"@id\":\"https:\/\/alexandra.netfellows.de\/en\/#website\"},\"primaryImageOfPage\":{\"@id\":\"https:\/\/alexandra.netfellows.de\/en\/#primaryimage\"},\"image\":{\"@id\":\"https:\/\/alexandra.netfellows.de\/en\/#primaryimage\"},\"thumbnailUrl\":\"https:\/\/alexandra.netfellows.de\/wp-content\/uploads\/2025\/08\/Wooden-Accessories-Store-Home.jpg\",\"datePublished\":\"2025-08-08T10:20:39+00:00\",\"dateModified\":\"2025-08-14T11:59:48+00:00\",\"description\":\"Discover timeless, handcrafted wooden accessories for your home \u2013 browse the HOMEWOOD online shop now.\",\"breadcrumb\":{\"@id\":\"https:\/\/alexandra.netfellows.de\/en\/#breadcrumb\"},\"inLanguage\":\"en-US\",\"potentialAction\":[{\"@type\":\"ReadAction\",\"target\":[\"https:\/\/alexandra.netfellows.de\/en\/\"]}]},{\"@type\":\"ImageObject\",\"inLanguage\":\"en-US\",\"@id\":\"https:\/\/alexandra.netfellows.de\/en\/#primaryimage\",\"url\":\"https:\/\/alexandra.netfellows.de\/wp-content\/uploads\/2025\/08\/Wooden-Accessories-Store-Home.jpg\",\"contentUrl\":\"https:\/\/alexandra.netfellows.de\/wp-content\/uploads\/2025\/08\/Wooden-Accessories-Store-Home.jpg\",\"width\":400,\"height\":380},{\"@type\":\"BreadcrumbList\",\"@id\":\"https:\/\/alexandra.netfellows.de\/en\/#breadcrumb\",\"itemListElement\":[{\"@type\":\"ListItem\",\"position\":1,\"name\":\"Startseite\",\"item\":\"https:\/\/alexandra.netfellows.de\/en\/home\/\"},{\"@type\":\"ListItem\",\"position\":2,\"name\":\"Home\"}]},{\"@type\":\"WebSite\",\"@id\":\"https:\/\/alexandra.netfellows.de\/en\/#website\",\"url\":\"https:\/\/alexandra.netfellows.de\/en\/\",\"name\":\"Alexandras Webseite\",\"description\":\"\",\"publisher\":{\"@id\":\"https:\/\/alexandra.netfellows.de\/en\/#organization\"},\"potentialAction\":[{\"@type\":\"SearchAction\",\"target\":{\"@type\":\"EntryPoint\",\"urlTemplate\":\"https:\/\/alexandra.netfellows.de\/en\/?s={search_term_string}\"},\"query-input\":{\"@type\":\"PropertyValueSpecification\",\"valueRequired\":true,\"valueName\":\"search_term_string\"}}],\"inLanguage\":\"en-US\"},{\"@type\":\"Organization\",\"@id\":\"https:\/\/alexandra.netfellows.de\/en\/#organization\",\"name\":\"Alexandras Webseite\",\"url\":\"https:\/\/alexandra.netfellows.de\/en\/\",\"logo\":{\"@type\":\"ImageObject\",\"inLanguage\":\"en-US\",\"@id\":\"https:\/\/alexandra.netfellows.de\/en\/#\/schema\/logo\/image\/\",\"url\":\"https:\/\/alexandra.netfellows.de\/wp-content\/uploads\/2025\/08\/173_Wooden_Accessories_Store-Logo_White.svg\",\"contentUrl\":\"https:\/\/alexandra.netfellows.de\/wp-content\/uploads\/2025\/08\/173_Wooden_Accessories_Store-Logo_White.svg\",\"width\":214,\"height\":18,\"caption\":\"Alexandras Webseite\"},\"image\":{\"@id\":\"https:\/\/alexandra.netfellows.de\/en\/#\/schema\/logo\/image\/\"}}]}<\/script>\n<!-- \/ Yoast SEO plugin. -->","yoast_head_json":{"title":"Handmade Wooden Accessories | HOMEWOOD","description":"Discover timeless, handcrafted wooden accessories for your home \u2013 browse the HOMEWOOD online shop now.","robots":{"index":"noindex","follow":"follow","max-snippet":"max-snippet:-1","max-image-preview":"max-image-preview:large","max-video-preview":"max-video-preview:-1"},"og_locale":"en_US","og_type":"article","og_title":"Handmade Wooden Accessories | HOMEWOOD","og_description":"Discover timeless, handcrafted wooden accessories for your home \u2013 browse the HOMEWOOD online shop now.","og_url":"https:\/\/alexandra.netfellows.de\/en\/","og_site_name":"Alexandras Webseite","article_modified_time":"2025-08-14T11:59:48+00:00","og_image":[{"width":400,"height":380,"url":"https:\/\/alexandra.netfellows.de\/wp-content\/uploads\/2025\/08\/Wooden-Accessories-Store-Home.jpg","type":"image\/jpeg"}],"twitter_card":"summary_large_image","schema":{"@context":"https:\/\/schema.org","@graph":[{"@type":"WebPage","@id":"https:\/\/alexandra.netfellows.de\/en\/","url":"https:\/\/alexandra.netfellows.de\/en\/","name":"Handmade Wooden Accessories | HOMEWOOD","isPartOf":{"@id":"https:\/\/alexandra.netfellows.de\/en\/#website"},"primaryImageOfPage":{"@id":"https:\/\/alexandra.netfellows.de\/en\/#primaryimage"},"image":{"@id":"https:\/\/alexandra.netfellows.de\/en\/#primaryimage"},"thumbnailUrl":"https:\/\/alexandra.netfellows.de\/wp-content\/uploads\/2025\/08\/Wooden-Accessories-Store-Home.jpg","datePublished":"2025-08-08T10:20:39+00:00","dateModified":"2025-08-14T11:59:48+00:00","description":"Discover timeless, handcrafted wooden accessories for your home \u2013 browse the HOMEWOOD online shop now.","breadcrumb":{"@id":"https:\/\/alexandra.netfellows.de\/en\/#breadcrumb"},"inLanguage":"en-US","potentialAction":[{"@type":"ReadAction","target":["https:\/\/alexandra.netfellows.de\/en\/"]}]},{"@type":"ImageObject","inLanguage":"en-US","@id":"https:\/\/alexandra.netfellows.de\/en\/#primaryimage","url":"https:\/\/alexandra.netfellows.de\/wp-content\/uploads\/2025\/08\/Wooden-Accessories-Store-Home.jpg","contentUrl":"https:\/\/alexandra.netfellows.de\/wp-content\/uploads\/2025\/08\/Wooden-Accessories-Store-Home.jpg","width":400,"height":380},{"@type":"BreadcrumbList","@id":"https:\/\/alexandra.netfellows.de\/en\/#breadcrumb","itemListElement":[{"@type":"ListItem","position":1,"name":"Startseite","item":"https:\/\/alexandra.netfellows.de\/en\/home\/"},{"@type":"ListItem","position":2,"name":"Home"}]},{"@type":"WebSite","@id":"https:\/\/alexandra.netfellows.de\/en\/#website","url":"https:\/\/alexandra.netfellows.de\/en\/","name":"Alexandras Webseite","description":"","publisher":{"@id":"https:\/\/alexandra.netfellows.de\/en\/#organization"},"potentialAction":[{"@type":"SearchAction","target":{"@type":"EntryPoint","urlTemplate":"https:\/\/alexandra.netfellows.de\/en\/?s={search_term_string}"},"query-input":{"@type":"PropertyValueSpecification","valueRequired":true,"valueName":"search_term_string"}}],"inLanguage":"en-US"},{"@type":"Organization","@id":"https:\/\/alexandra.netfellows.de\/en\/#organization","name":"Alexandras Webseite","url":"https:\/\/alexandra.netfellows.de\/en\/","logo":{"@type":"ImageObject","inLanguage":"en-US","@id":"https:\/\/alexandra.netfellows.de\/en\/#\/schema\/logo\/image\/","url":"https:\/\/alexandra.netfellows.de\/wp-content\/uploads\/2025\/08\/173_Wooden_Accessories_Store-Logo_White.svg","contentUrl":"https:\/\/alexandra.netfellows.de\/wp-content\/uploads\/2025\/08\/173_Wooden_Accessories_Store-Logo_White.svg","width":214,"height":18,"caption":"Alexandras Webseite"},"image":{"@id":"https:\/\/alexandra.netfellows.de\/en\/#\/schema\/logo\/image\/"}}]}},"jetpack_sharing_enabled":true,"_links":{"self":[{"href":"https:\/\/alexandra.netfellows.de\/en\/wp-json\/wp\/v2\/pages\/1592","targetHints":{"allow":["GET"]}}],"collection":[{"href":"https:\/\/alexandra.netfellows.de\/en\/wp-json\/wp\/v2\/pages"}],"about":[{"href":"https:\/\/alexandra.netfellows.de\/en\/wp-json\/wp\/v2\/types\/page"}],"author":[{"embeddable":true,"href":"https:\/\/alexandra.netfellows.de\/en\/wp-json\/wp\/v2\/users\/1"}],"replies":[{"embeddable":true,"href":"https:\/\/alexandra.netfellows.de\/en\/wp-json\/wp\/v2\/comments?post=1592"}],"version-history":[{"count":1,"href":"https:\/\/alexandra.netfellows.de\/en\/wp-json\/wp\/v2\/pages\/1592\/revisions"}],"predecessor-version":[{"id":1593,"href":"https:\/\/alexandra.netfellows.de\/en\/wp-json\/wp\/v2\/pages\/1592\/revisions\/1593"}],"wp:featuredmedia":[{"embeddable":true,"href":"https:\/\/alexandra.netfellows.de\/en\/wp-json\/wp\/v2\/media\/1567"}],"wp:attachment":[{"href":"https:\/\/alexandra.netfellows.de\/en\/wp-json\/wp\/v2\/media?parent=1592"}],"curies":[{"name":"wp","href":"https:\/\/api.w.org\/{rel}","templated":true}]}}